{"id":636,"date":"2026-01-17T07:19:31","date_gmt":"2026-01-17T06:19:31","guid":{"rendered":"https:\/\/tamsamsom.com\/?page_id=636"},"modified":"2026-01-30T11:24:00","modified_gmt":"2026-01-30T10:24:00","slug":"impressum","status":"publish","type":"page","link":"https:\/\/tamsamsom.com\/de\/impressum\/","title":{"rendered":"Impressum"},"content":{"rendered":"<div id='full_slider_1'  class='avia-fullwidth-slider main_color avia-shadow   avia-builder-el-0  el_before_av_section  avia-builder-el-first   container_wrap fullsize'  ><div  class='avia-slideshow av-mkhxfwp5-988d7bb88edc50ebb1c54ec0e7ce33ce avia-slideshow-featured_large av_slideshow_full avia-slide-slider av-slideshow-ui av-control-default av-slideshow-manual av-loop-once av-loop-manual-endless av-default-height-applied   avia-slideshow-1' data-slideshow-options=\"{&quot;animation&quot;:&quot;slide&quot;,&quot;autoplay&quot;:false,&quot;loop_autoplay&quot;:&quot;once&quot;,&quot;interval&quot;:5,&quot;loop_manual&quot;:&quot;manual-endless&quot;,&quot;autoplay_stopper&quot;:false,&quot;noNavigation&quot;:false,&quot;bg_slider&quot;:false,&quot;keep_padding&quot;:false,&quot;hoverpause&quot;:false,&quot;show_slide_delay&quot;:0}\"  itemprop=\"image\" itemscope=\"itemscope\" itemtype=\"https:\/\/schema.org\/ImageObject\" ><ul class='avia-slideshow-inner ' style='padding-bottom: 46.120058565154%;'><li  class='avia-slideshow-slide av-mkhxfwp5-988d7bb88edc50ebb1c54ec0e7ce33ce__0  av-single-slide slide-1 slide-odd'><div data-rel='slideshow-1' class='avia-slide-wrap '   ><img decoding=\"async\" fetchpriority=\"high\" class=\"wp-image-100 avia-img-lazy-loading-not-100\"  src=\"https:\/\/tamsamsom.com\/wp-content\/uploads\/2025\/10\/slider_0001-1366x630.jpg\" width=\"1366\" height=\"630\" title='Office' alt=''  itemprop=\"thumbnailUrl\"   \/><\/div><\/li><\/ul><\/div><\/div>\n<div id='av_section_1'  class='avia-section av-1c2fg-dfb1abfa9aa4d459df3920d6e26ffa18 main_color avia-section-default avia-no-border-styling  avia-builder-el-1  el_after_av_slideshow_full  avia-builder-el-last  avia-bg-style-scroll container_wrap fullsize'  ><div class='container av-section-cont-open' ><div class='template-page content  av-content-full alpha units'><div class='post-entry post-entry-type-page post-entry-636'><div class='entry-content-wrapper clearfix'>\n<div  class='flex_column av-9agm4-d17f300a93b4593e648ac0017b6baf54 av_one_full  avia-builder-el-2  avia-builder-el-no-sibling  first flex_column_div  '     ><section  class='av_textblock_section av-mkhx3em5-b0c9bd5759e8f29e3f8dd588d1a8eb9f '   itemscope=\"itemscope\" itemtype=\"https:\/\/schema.org\/CreativeWork\" ><div class='avia_textblock'  itemprop=\"text\" ><h2>Adresse<\/h2>\n<p>TAM SAM SOM<br \/>\nGevers Deynootweg 920<br \/>\n2586 BW Den Haag<br \/>\nNiederlande<br \/>\nVertreten durch:<br \/>\nCarsten Schade<\/p>\n<p>Kontakt:<br \/>\nE-Mail: info(at)tamsamsom.com<\/p>\n<p>Telefon:<br \/>\n+31 61 44 85 292<\/p>\n<h2>Inhaltlich verantwortlich<\/h2>\n<p>Carsten Schade<br \/>\nGevers Deynootweg 920<br \/>\n2586 BW Den Haag<br \/>\nNiederlande<\/p>\n<h2>Haftung f\u00fcr Inhalte<\/h2>\n<p>Die Inhalte unserer Seiten wurden mit gr\u00f6\u00dfter Sorgfalt erstellt. F\u00fcr die Richtigkeit, Vollst\u00e4ndigkeit und Aktualit\u00e4t der Inhalte k\u00f6nnen wir jedoch keine Gew\u00e4hr \u00fcbernehmen.<\/p>\n<h2>Haftung f\u00fcr Links<\/h2>\n<p>Unsere Website enth\u00e4lt Links zu externen Websites Dritter, auf deren Inhalte wir keinen Einfluss haben. F\u00fcr diese fremden Inhalte \u00fcbernehmen wir keine Gew\u00e4hr.<\/p>\n<\/div><\/section><\/div>\n","protected":false},"excerpt":{"rendered":"","protected":false},"author":2,"featured_media":0,"parent":0,"menu_order":0,"comment_status":"closed","ping_status":"closed","template":"","meta":{"rs_blank_template":"","rs_page_bg_color":"","slide_template_v7":"","footnotes":""},"class_list":["post-636","page","type-page","status-publish","hentry"],"yoast_head":"<!-- This site is optimized with the Yoast SEO plugin v27.4 - https:\/\/yoast.com\/product\/yoast-seo-wordpress\/ -->\n<title>Impressum - TAM SAM SOM<\/title>\n<meta name=\"robots\" content=\"index, follow, max-snippet:-1, max-image-preview:large, max-video-preview:-1\" \/>\n<link rel=\"canonical\" href=\"https:\/\/tamsamsom.com\/de\/impressum\/\" \/>\n<meta property=\"og:locale\" content=\"de_DE\" \/>\n<meta property=\"og:type\" content=\"article\" \/>\n<meta property=\"og:title\" content=\"Impressum - TAM SAM SOM\" \/>\n<meta property=\"og:url\" content=\"https:\/\/tamsamsom.com\/de\/impressum\/\" \/>\n<meta property=\"og:site_name\" content=\"TAM SAM SOM\" \/>\n<meta property=\"article:modified_time\" content=\"2026-01-30T10:24:00+00:00\" \/>\n<meta name=\"twitter:card\" content=\"summary_large_image\" \/>\n<meta name=\"twitter:label1\" content=\"Gesch\u00e4tzte Lesezeit\" \/>\n\t<meta name=\"twitter:data1\" content=\"1\u00a0Minute\" \/>\n<script type=\"application\/ld+json\" class=\"yoast-schema-graph\">{\"@context\":\"https:\\\/\\\/schema.org\",\"@graph\":[{\"@type\":\"WebPage\",\"@id\":\"https:\\\/\\\/tamsamsom.com\\\/de\\\/impressum\\\/\",\"url\":\"https:\\\/\\\/tamsamsom.com\\\/de\\\/impressum\\\/\",\"name\":\"Impressum - TAM SAM SOM\",\"isPartOf\":{\"@id\":\"https:\\\/\\\/tamsamsom.com\\\/de\\\/#website\"},\"datePublished\":\"2026-01-17T06:19:31+00:00\",\"dateModified\":\"2026-01-30T10:24:00+00:00\",\"breadcrumb\":{\"@id\":\"https:\\\/\\\/tamsamsom.com\\\/de\\\/impressum\\\/#breadcrumb\"},\"inLanguage\":\"de\",\"potentialAction\":[{\"@type\":\"ReadAction\",\"target\":[\"https:\\\/\\\/tamsamsom.com\\\/de\\\/impressum\\\/\"]}]},{\"@type\":\"BreadcrumbList\",\"@id\":\"https:\\\/\\\/tamsamsom.com\\\/de\\\/impressum\\\/#breadcrumb\",\"itemListElement\":[{\"@type\":\"ListItem\",\"position\":1,\"name\":\"Start\",\"item\":\"https:\\\/\\\/tamsamsom.com\\\/de\\\/\"},{\"@type\":\"ListItem\",\"position\":2,\"name\":\"Impressum\"}]},{\"@type\":\"WebSite\",\"@id\":\"https:\\\/\\\/tamsamsom.com\\\/de\\\/#website\",\"url\":\"https:\\\/\\\/tamsamsom.com\\\/de\\\/\",\"name\":\"TAM SAM SOM\",\"description\":\"From data to decisions\",\"publisher\":{\"@id\":\"https:\\\/\\\/tamsamsom.com\\\/de\\\/#organization\"},\"potentialAction\":[{\"@type\":\"SearchAction\",\"target\":{\"@type\":\"EntryPoint\",\"urlTemplate\":\"https:\\\/\\\/tamsamsom.com\\\/de\\\/?s={search_term_string}\"},\"query-input\":{\"@type\":\"PropertyValueSpecification\",\"valueRequired\":true,\"valueName\":\"search_term_string\"}}],\"inLanguage\":\"de\"},{\"@type\":\"Organization\",\"@id\":\"https:\\\/\\\/tamsamsom.com\\\/de\\\/#organization\",\"name\":\"TAM SAM SOM\",\"url\":\"https:\\\/\\\/tamsamsom.com\\\/de\\\/\",\"logo\":{\"@type\":\"ImageObject\",\"inLanguage\":\"de\",\"@id\":\"https:\\\/\\\/tamsamsom.com\\\/de\\\/#\\\/schema\\\/logo\\\/image\\\/\",\"url\":\"https:\\\/\\\/tamsamsom.com\\\/wp-content\\\/uploads\\\/2026\\\/01\\\/logo_tss_rb.jpg\",\"contentUrl\":\"https:\\\/\\\/tamsamsom.com\\\/wp-content\\\/uploads\\\/2026\\\/01\\\/logo_tss_rb.jpg\",\"width\":946,\"height\":283,\"caption\":\"TAM SAM SOM\"},\"image\":{\"@id\":\"https:\\\/\\\/tamsamsom.com\\\/de\\\/#\\\/schema\\\/logo\\\/image\\\/\"}}]}<\/script>\n<!-- \/ Yoast SEO plugin. -->","yoast_head_json":{"title":"Impressum - TAM SAM SOM","robots":{"index":"index","follow":"follow","max-snippet":"max-snippet:-1","max-image-preview":"max-image-preview:large","max-video-preview":"max-video-preview:-1"},"canonical":"https:\/\/tamsamsom.com\/de\/impressum\/","og_locale":"de_DE","og_type":"article","og_title":"Impressum - TAM SAM SOM","og_url":"https:\/\/tamsamsom.com\/de\/impressum\/","og_site_name":"TAM SAM SOM","article_modified_time":"2026-01-30T10:24:00+00:00","twitter_card":"summary_large_image","twitter_misc":{"Gesch\u00e4tzte Lesezeit":"1\u00a0Minute"},"schema":{"@context":"https:\/\/schema.org","@graph":[{"@type":"WebPage","@id":"https:\/\/tamsamsom.com\/de\/impressum\/","url":"https:\/\/tamsamsom.com\/de\/impressum\/","name":"Impressum - TAM SAM SOM","isPartOf":{"@id":"https:\/\/tamsamsom.com\/de\/#website"},"datePublished":"2026-01-17T06:19:31+00:00","dateModified":"2026-01-30T10:24:00+00:00","breadcrumb":{"@id":"https:\/\/tamsamsom.com\/de\/impressum\/#breadcrumb"},"inLanguage":"de","potentialAction":[{"@type":"ReadAction","target":["https:\/\/tamsamsom.com\/de\/impressum\/"]}]},{"@type":"BreadcrumbList","@id":"https:\/\/tamsamsom.com\/de\/impressum\/#breadcrumb","itemListElement":[{"@type":"ListItem","position":1,"name":"Start","item":"https:\/\/tamsamsom.com\/de\/"},{"@type":"ListItem","position":2,"name":"Impressum"}]},{"@type":"WebSite","@id":"https:\/\/tamsamsom.com\/de\/#website","url":"https:\/\/tamsamsom.com\/de\/","name":"TAM SAM SOM","description":"From data to decisions","publisher":{"@id":"https:\/\/tamsamsom.com\/de\/#organization"},"potentialAction":[{"@type":"SearchAction","target":{"@type":"EntryPoint","urlTemplate":"https:\/\/tamsamsom.com\/de\/?s={search_term_string}"},"query-input":{"@type":"PropertyValueSpecification","valueRequired":true,"valueName":"search_term_string"}}],"inLanguage":"de"},{"@type":"Organization","@id":"https:\/\/tamsamsom.com\/de\/#organization","name":"TAM SAM SOM","url":"https:\/\/tamsamsom.com\/de\/","logo":{"@type":"ImageObject","inLanguage":"de","@id":"https:\/\/tamsamsom.com\/de\/#\/schema\/logo\/image\/","url":"https:\/\/tamsamsom.com\/wp-content\/uploads\/2026\/01\/logo_tss_rb.jpg","contentUrl":"https:\/\/tamsamsom.com\/wp-content\/uploads\/2026\/01\/logo_tss_rb.jpg","width":946,"height":283,"caption":"TAM SAM SOM"},"image":{"@id":"https:\/\/tamsamsom.com\/de\/#\/schema\/logo\/image\/"}}]}},"_links":{"self":[{"href":"https:\/\/tamsamsom.com\/de\/wp-json\/wp\/v2\/pages\/636","targetHints":{"allow":["GET"]}}],"collection":[{"href":"https:\/\/tamsamsom.com\/de\/wp-json\/wp\/v2\/pages"}],"about":[{"href":"https:\/\/tamsamsom.com\/de\/wp-json\/wp\/v2\/types\/page"}],"author":[{"embeddable":true,"href":"https:\/\/tamsamsom.com\/de\/wp-json\/wp\/v2\/users\/2"}],"replies":[{"embeddable":true,"href":"https:\/\/tamsamsom.com\/de\/wp-json\/wp\/v2\/comments?post=636"}],"version-history":[{"count":8,"href":"https:\/\/tamsamsom.com\/de\/wp-json\/wp\/v2\/pages\/636\/revisions"}],"predecessor-version":[{"id":1104,"href":"https:\/\/tamsamsom.com\/de\/wp-json\/wp\/v2\/pages\/636\/revisions\/1104"}],"wp:attachment":[{"href":"https:\/\/tamsamsom.com\/de\/wp-json\/wp\/v2\/media?parent=636"}],"curies":[{"name":"wp","href":"https:\/\/api.w.org\/{rel}","templated":true}]}}